{"id":2919,"date":"2026-05-06T13:10:19","date_gmt":"2026-05-06T13:10:19","guid":{"rendered":"https:\/\/www.erateks.com\/urunler\/"},"modified":"2026-05-14T10:48:07","modified_gmt":"2026-05-14T10:48:07","slug":"urunler","status":"publish","type":"page","link":"https:\/\/www.erateks.com\/tr\/urunler\/","title":{"rendered":"\u00dcr\u00fcnler"},"content":{"rendered":"\t\t<div data-elementor-type=\"wp-page\" data-elementor-id=\"2919\" class=\"elementor elementor-2919 elementor-2886\" data-elementor-post-type=\"page\">\n\t\t\t\t<div class=\"elementor-element elementor-element-25c4aaf e-flex e-con-boxed e-con e-parent\" data-id=\"25c4aaf\" data-element_type=\"container\" data-e-type=\"container\" data-settings=\"{&quot;background_background&quot;:&quot;classic&quot;}\">\n\t\t\t\t\t<div class=\"e-con-inner\">\n\t\t<div class=\"elementor-element elementor-element-a4c305f e-con-full e-flex e-con e-child\" data-id=\"a4c305f\" data-element_type=\"container\" data-e-type=\"container\">\n\t\t\t\t<div class=\"elementor-element elementor-element-39731d8 elementor-invisible elementor-widget elementor-widget-heading\" data-id=\"39731d8\" data-element_type=\"widget\" data-e-type=\"widget\" data-settings=\"{&quot;_animation&quot;:&quot;fadeInUp&quot;,&quot;_animation_delay&quot;:200}\" data-widget_type=\"heading.default\">\n\t\t\t\t<div class=\"elementor-widget-container\">\n\t\t\t\t\t<h1 class=\"elementor-heading-title elementor-size-default\">\u00dcr\u00fcnler<\/h1>\t\t\t\t<\/div>\n\t\t\t\t<\/div>\n\t\t\t\t<div class=\"elementor-element elementor-element-a83083d elementor-invisible elementor-widget elementor-widget-heading\" data-id=\"a83083d\" data-element_type=\"widget\" data-e-type=\"widget\" data-settings=\"{&quot;_animation&quot;:&quot;fadeInUp&quot;,&quot;_animation_delay&quot;:300}\" data-widget_type=\"heading.default\">\n\t\t\t\t<div class=\"elementor-widget-container\">\n\t\t\t\t\t<h3 class=\"elementor-heading-title elementor-size-default\">Farkl\u0131 \u00fcr\u00fcn kategorilerinde yenilik\u00e7i ve s\u00fcrd\u00fcr\u00fclebilir \u00e7\u00f6z\u00fcmler. <\/h3>\t\t\t\t<\/div>\n\t\t\t\t<\/div>\n\t\t\t\t<\/div>\n\t\t\t\t\t<\/div>\n\t\t\t\t<\/div>\n\t\t<div class=\"elementor-element elementor-element-75f07eb3 e-flex e-con-boxed e-con e-parent\" data-id=\"75f07eb3\" data-element_type=\"container\" data-e-type=\"container\">\n\t\t\t\t\t<div class=\"e-con-inner\">\n\t\t<div class=\"elementor-element elementor-element-6af66ddc e-con-full e-flex elementor-invisible e-con e-child\" data-id=\"6af66ddc\" data-element_type=\"container\" data-e-type=\"container\" data-settings=\"{&quot;animation&quot;:&quot;fadeInLeft&quot;}\">\n\t\t\t\t<div class=\"elementor-element elementor-element-59f4fa4a elementor-widget elementor-widget-heading\" data-id=\"59f4fa4a\" data-element_type=\"widget\" data-e-type=\"widget\" data-widget_type=\"heading.default\">\n\t\t\t\t<div class=\"elementor-widget-container\">\n\t\t\t\t\t<h2 class=\"elementor-heading-title elementor-size-default\">Ana \u00dcr\u00fcnler\n<\/h2>\t\t\t\t<\/div>\n\t\t\t\t<\/div>\n\t\t\t\t<div class=\"elementor-element elementor-element-dfb90ba elementor-widget elementor-widget-text-editor\" data-id=\"dfb90ba\" data-element_type=\"widget\" data-e-type=\"widget\" data-widget_type=\"text-editor.default\">\n\t\t\t\t<div class=\"elementor-widget-container\">\n\t\t\t\t\t\t\t\t\t<p>Erateks, spor giyim alan\u0131ndaki derin k\u00f6kl\u00fc uzmanl\u0131\u011f\u0131yla; malzeme bilgisi, \u00fcr\u00fcn tasar\u0131m\u0131 &amp; \u00fcr\u00fcn geli\u015ftirme ve \u00fcretim g\u00fcc\u00fcn\u00fc bir araya getirerek, markalara y\u00fcksek performansl\u0131 ve marka odakl\u0131 \u00fcr\u00fcn \u00e7\u00f6z\u00fcmleri sunar.<\/p><p>Erateks olarak tak\u0131m sporlar\u0131, motor sporlar\u0131, aktif sporlar ve sportstyle kategorilerinde global markalar i\u00e7in \u00fcr\u00fcn geli\u015ftirme ve \u00fcretim \u00e7\u00f6z\u00fcmleri sunuyoruz. Teamwear ve fanwear\u2019dan performans, lifestyle ve g\u00fcnl\u00fck kullan\u0131ma y\u00f6nelik koleksiyonlara uzanan \u00fcr\u00fcn yelpazemizle, farkl\u0131 kullan\u0131m ihtiya\u00e7lar\u0131na cevap veren \u00fcr\u00fcnler geli\u015ftiriyor ve \u00fcretiyoruz. <\/p><p>\u00dcr\u00fcn yelpazemiz ve uzmanl\u0131k alanlar\u0131m\u0131z hakk\u0131nda daha fazla bilgi i\u00e7in a\u015fa\u011f\u0131daki kategorileri inceleyebilirsiniz.<\/p>\t\t\t\t\t\t\t\t<\/div>\n\t\t\t\t<\/div>\n\t\t\t\t<\/div>\n\t\t\t\t\t<\/div>\n\t\t\t\t<\/div>\n\t\t<div class=\"elementor-element elementor-element-d5bbca4 e-flex e-con-boxed e-con e-parent\" data-id=\"d5bbca4\" data-element_type=\"container\" data-e-type=\"container\">\n\t\t\t\t\t<div class=\"e-con-inner\">\n\t\t<div class=\"elementor-element elementor-element-b98a49b e-con-full e-flex e-con e-child\" data-id=\"b98a49b\" data-element_type=\"container\" data-e-type=\"container\">\n\t\t\t\t<div class=\"elementor-element elementor-element-a940e7d elementor-widget elementor-widget-heading\" data-id=\"a940e7d\" data-element_type=\"widget\" data-e-type=\"widget\" data-widget_type=\"heading.default\">\n\t\t\t\t<div class=\"elementor-widget-container\">\n\t\t\t\t\t<h3 class=\"elementor-heading-title elementor-size-default\">Tak\u0131m Sporlar\u0131<\/h3>\t\t\t\t<\/div>\n\t\t\t\t<\/div>\n\t\t\t\t<div class=\"elementor-element elementor-element-0d5393c elementor-cta--skin-cover elementor-animated-content elementor-bg-transform elementor-bg-transform-zoom-in elementor-widget elementor-widget-call-to-action\" data-id=\"0d5393c\" data-element_type=\"widget\" data-e-type=\"widget\" data-widget_type=\"call-to-action.default\">\n\t\t\t\t<div class=\"elementor-widget-container\">\n\t\t\t\t\t\t\t<a class=\"elementor-cta\" href=\"https:\/\/www.erateks.com\/tr\/takim-sporlari\/\">\n\t\t\t\t\t<div class=\"elementor-cta__bg-wrapper\">\n\t\t\t\t<div class=\"elementor-cta__bg elementor-bg\" style=\"background-image: url(https:\/\/www.erateks.com\/wp-content\/uploads\/erateks-products-team-sports-683x1024.jpg);\" role=\"img\" aria-label=\"tak\u0131m sporlar\u0131 tekstili \u00fcreticisi\"><\/div>\n\t\t\t\t<div class=\"elementor-cta__bg-overlay\"><\/div>\n\t\t\t<\/div>\n\t\t\t\t\t\t\t<div class=\"elementor-cta__content\">\n\t\t\t\t\n\t\t\t\t\n\t\t\t\t\n\t\t\t\t\t\t\t\t\t<div class=\"elementor-cta__button-wrapper elementor-cta__content-item elementor-content-item elementor-animated-item--grow\">\n\t\t\t\t\t<span class=\"elementor-cta__button elementor-button elementor-size-\">\n\t\t\t\t\t\tDevam\u0131n\u0131 Oku\t\t\t\t\t<\/span>\n\t\t\t\t\t<\/div>\n\t\t\t\t\t\t\t<\/div>\n\t\t\t\t\t\t<\/a>\n\t\t\t\t\t\t<\/div>\n\t\t\t\t<\/div>\n\t\t\t\t<\/div>\n\t\t<div class=\"elementor-element elementor-element-e598ca0 e-con-full e-flex e-con e-child\" data-id=\"e598ca0\" data-element_type=\"container\" data-e-type=\"container\">\n\t\t\t\t<div class=\"elementor-element elementor-element-6cb474f elementor-widget elementor-widget-heading\" data-id=\"6cb474f\" data-element_type=\"widget\" data-e-type=\"widget\" data-widget_type=\"heading.default\">\n\t\t\t\t<div class=\"elementor-widget-container\">\n\t\t\t\t\t<h3 class=\"elementor-heading-title elementor-size-default\">Motor Sporlar\u0131<\/h3>\t\t\t\t<\/div>\n\t\t\t\t<\/div>\n\t\t\t\t<div class=\"elementor-element elementor-element-ec94671 elementor-cta--skin-cover elementor-animated-content elementor-bg-transform elementor-bg-transform-zoom-in elementor-widget elementor-widget-call-to-action\" data-id=\"ec94671\" data-element_type=\"widget\" data-e-type=\"widget\" data-widget_type=\"call-to-action.default\">\n\t\t\t\t<div class=\"elementor-widget-container\">\n\t\t\t\t\t\t\t<a class=\"elementor-cta\" href=\"https:\/\/www.erateks.com\/tr\/motor-sporlari\/\">\n\t\t\t\t\t<div class=\"elementor-cta__bg-wrapper\">\n\t\t\t\t<div class=\"elementor-cta__bg elementor-bg\" style=\"background-image: url(https:\/\/www.erateks.com\/wp-content\/uploads\/erateks-products-motor-sports-683x1024.jpg);\" role=\"img\" aria-label=\"motor sportlar\u0131 tekstili \u00fcreticisi\"><\/div>\n\t\t\t\t<div class=\"elementor-cta__bg-overlay\"><\/div>\n\t\t\t<\/div>\n\t\t\t\t\t\t\t<div class=\"elementor-cta__content\">\n\t\t\t\t\n\t\t\t\t\n\t\t\t\t\n\t\t\t\t\t\t\t\t\t<div class=\"elementor-cta__button-wrapper elementor-cta__content-item elementor-content-item elementor-animated-item--grow\">\n\t\t\t\t\t<span class=\"elementor-cta__button elementor-button elementor-size-\">\n\t\t\t\t\t\tDevam\u0131n\u0131 Oku\t\t\t\t\t<\/span>\n\t\t\t\t\t<\/div>\n\t\t\t\t\t\t\t<\/div>\n\t\t\t\t\t\t<\/a>\n\t\t\t\t\t\t<\/div>\n\t\t\t\t<\/div>\n\t\t\t\t<\/div>\n\t\t<div class=\"elementor-element elementor-element-413e784 e-con-full e-flex e-con e-child\" data-id=\"413e784\" data-element_type=\"container\" data-e-type=\"container\">\n\t\t\t\t<div class=\"elementor-element elementor-element-44b75b7 elementor-widget elementor-widget-heading\" data-id=\"44b75b7\" data-element_type=\"widget\" data-e-type=\"widget\" data-widget_type=\"heading.default\">\n\t\t\t\t<div class=\"elementor-widget-container\">\n\t\t\t\t\t<h3 class=\"elementor-heading-title elementor-size-default\">Aktif Sporlar<\/h3>\t\t\t\t<\/div>\n\t\t\t\t<\/div>\n\t\t\t\t<div class=\"elementor-element elementor-element-a66b133 elementor-cta--skin-cover elementor-animated-content elementor-bg-transform elementor-bg-transform-zoom-in elementor-widget elementor-widget-call-to-action\" data-id=\"a66b133\" data-element_type=\"widget\" data-e-type=\"widget\" data-widget_type=\"call-to-action.default\">\n\t\t\t\t<div class=\"elementor-widget-container\">\n\t\t\t\t\t\t\t<a class=\"elementor-cta\" href=\"https:\/\/www.erateks.com\/tr\/aktif-sporlar\/\">\n\t\t\t\t\t<div class=\"elementor-cta__bg-wrapper\">\n\t\t\t\t<div class=\"elementor-cta__bg elementor-bg\" style=\"background-image: url(https:\/\/www.erateks.com\/wp-content\/uploads\/erateks-products-active-sports-683x1024.jpg);\" role=\"img\" aria-label=\"active sports textile manufacturer\"><\/div>\n\t\t\t\t<div class=\"elementor-cta__bg-overlay\"><\/div>\n\t\t\t<\/div>\n\t\t\t\t\t\t\t<div class=\"elementor-cta__content\">\n\t\t\t\t\n\t\t\t\t\n\t\t\t\t\n\t\t\t\t\t\t\t\t\t<div class=\"elementor-cta__button-wrapper elementor-cta__content-item elementor-content-item elementor-animated-item--grow\">\n\t\t\t\t\t<span class=\"elementor-cta__button elementor-button elementor-size-\">\n\t\t\t\t\t\tDevam\u0131n\u0131 Oku\t\t\t\t\t<\/span>\n\t\t\t\t\t<\/div>\n\t\t\t\t\t\t\t<\/div>\n\t\t\t\t\t\t<\/a>\n\t\t\t\t\t\t<\/div>\n\t\t\t\t<\/div>\n\t\t\t\t<\/div>\n\t\t<div class=\"elementor-element elementor-element-066b78a e-con-full e-flex e-con e-child\" data-id=\"066b78a\" data-element_type=\"container\" data-e-type=\"container\">\n\t\t\t\t<div class=\"elementor-element elementor-element-b113c04 elementor-widget elementor-widget-heading\" data-id=\"b113c04\" data-element_type=\"widget\" data-e-type=\"widget\" data-widget_type=\"heading.default\">\n\t\t\t\t<div class=\"elementor-widget-container\">\n\t\t\t\t\t<h3 class=\"elementor-heading-title elementor-size-default\">Spor Tarz<\/h3>\t\t\t\t<\/div>\n\t\t\t\t<\/div>\n\t\t\t\t<div class=\"elementor-element elementor-element-bde07f6 elementor-cta--skin-cover elementor-animated-content elementor-bg-transform elementor-bg-transform-zoom-in elementor-widget elementor-widget-call-to-action\" data-id=\"bde07f6\" data-element_type=\"widget\" data-e-type=\"widget\" data-widget_type=\"call-to-action.default\">\n\t\t\t\t<div class=\"elementor-widget-container\">\n\t\t\t\t\t\t\t<a class=\"elementor-cta\" href=\"https:\/\/www.erateks.com\/tr\/spor-tarz-sportstyle\/\">\n\t\t\t\t\t<div class=\"elementor-cta__bg-wrapper\">\n\t\t\t\t<div class=\"elementor-cta__bg elementor-bg\" style=\"background-image: url(https:\/\/www.erateks.com\/wp-content\/uploads\/erateks-products-sportstyle-682x1024.jpg);\" role=\"img\" aria-label=\"spor tarz tekstil \u00fcreticisi\"><\/div>\n\t\t\t\t<div class=\"elementor-cta__bg-overlay\"><\/div>\n\t\t\t<\/div>\n\t\t\t\t\t\t\t<div class=\"elementor-cta__content\">\n\t\t\t\t\n\t\t\t\t\n\t\t\t\t\n\t\t\t\t\t\t\t\t\t<div class=\"elementor-cta__button-wrapper elementor-cta__content-item elementor-content-item elementor-animated-item--grow\">\n\t\t\t\t\t<span class=\"elementor-cta__button elementor-button elementor-size-\">\n\t\t\t\t\t\tDevam\u0131n\u0131 Oku\t\t\t\t\t<\/span>\n\t\t\t\t\t<\/div>\n\t\t\t\t\t\t\t<\/div>\n\t\t\t\t\t\t<\/a>\n\t\t\t\t\t\t<\/div>\n\t\t\t\t<\/div>\n\t\t\t\t<\/div>\n\t\t\t\t\t<\/div>\n\t\t\t\t<\/div>\n\t\t<div class=\"elementor-element elementor-element-5cc02e3 e-con-full e-flex e-con e-parent\" data-id=\"5cc02e3\" data-element_type=\"container\" data-e-type=\"container\">\n\t\t\t\t<div class=\"elementor-element elementor-element-adb9de7 elementor-widget elementor-widget-template\" data-id=\"adb9de7\" data-element_type=\"widget\" data-e-type=\"widget\" data-widget_type=\"template.default\">\n\t\t\t\t<div class=\"elementor-widget-container\">\n\t\t\t\t\t\t\t<div class=\"elementor-template\">\n\t\t\t\t\t<div data-elementor-type=\"container\" data-elementor-id=\"2274\" class=\"elementor elementor-2274 elementor-2237 elementor-2237\" data-elementor-post-type=\"elementor_library\">\n\t\t\t\t<div class=\"elementor-element elementor-element-ec892ae e-flex e-con-boxed e-con e-parent\" data-id=\"ec892ae\" data-element_type=\"container\" data-e-type=\"container\" data-settings=\"{&quot;background_background&quot;:&quot;classic&quot;}\">\n\t\t\t\t\t<div class=\"e-con-inner\">\n\t\t<div class=\"elementor-element elementor-element-3065aa54 e-con-full e-flex e-con e-child\" data-id=\"3065aa54\" data-element_type=\"container\" data-e-type=\"container\">\n\t\t\t\t<div class=\"elementor-element elementor-element-5c846af5 elementor-invisible elementor-widget elementor-widget-heading\" data-id=\"5c846af5\" data-element_type=\"widget\" data-e-type=\"widget\" data-settings=\"{&quot;_animation&quot;:&quot;fadeInUp&quot;}\" data-widget_type=\"heading.default\">\n\t\t\t\t<div class=\"elementor-widget-container\">\n\t\t\t\t\t<div class=\"elementor-heading-title elementor-size-default\">\u0130\u015f Birli\u011fi ve Ortakl\u0131k i\u00e7in Birlikte Hareket Edelim<\/div>\t\t\t\t<\/div>\n\t\t\t\t<\/div>\n\t\t\t\t<div class=\"elementor-element elementor-element-3d41b623 elementor-invisible elementor-widget elementor-widget-heading\" data-id=\"3d41b623\" data-element_type=\"widget\" data-e-type=\"widget\" data-settings=\"{&quot;_animation&quot;:&quot;fadeInUp&quot;,&quot;_animation_delay&quot;:200}\" data-widget_type=\"heading.default\">\n\t\t\t\t<div class=\"elementor-widget-container\">\n\t\t\t\t\t<div class=\"elementor-heading-title elementor-size-default\">Erateks ile yenilik\u00e7i ve s\u00fcrd\u00fcr\u00fclebilir spor giyimi hayata ge\u00e7irelim. Haydi, birlikte fark yaratal\u0131m. <\/div>\t\t\t\t<\/div>\n\t\t\t\t<\/div>\n\t\t\t\t<div class=\"elementor-element elementor-element-29eb7feb elementor-align-center elementor-invisible elementor-widget elementor-widget-button\" data-id=\"29eb7feb\" data-element_type=\"widget\" data-e-type=\"widget\" data-settings=\"{&quot;_animation&quot;:&quot;fadeInUp&quot;,&quot;_animation_delay&quot;:300}\" data-widget_type=\"button.default\">\n\t\t\t\t<div class=\"elementor-widget-container\">\n\t\t\t\t\t\t\t\t\t<div class=\"elementor-button-wrapper\">\n\t\t\t\t\t<a class=\"elementor-button elementor-button-link elementor-size-sm\" href=\"https:\/\/www.erateks.com\/tr\/iletisim\/\">\n\t\t\t\t\t\t<span class=\"elementor-button-content-wrapper\">\n\t\t\t\t\t\t\t\t\t<span class=\"elementor-button-text\">Hemen Bize Kat\u0131l<\/span>\n\t\t\t\t\t<\/span>\n\t\t\t\t\t<\/a>\n\t\t\t\t<\/div>\n\t\t\t\t\t\t\t\t<\/div>\n\t\t\t\t<\/div>\n\t\t\t\t<\/div>\n\t\t\t\t\t<\/div>\n\t\t\t\t<\/div>\n\t\t\t\t<\/div>\n\t\t\t\t<\/div>\n\t\t\t\t\t\t<\/div>\n\t\t\t\t<\/div>\n\t\t\t\t<\/div>\n\t\t\t\t<\/div>\n\t\t","protected":false},"excerpt":{"rendered":"<p>Farkl\u0131 \u00fcr\u00fcn kategorilerinde yenilik\u00e7i ve s\u00fcrd\u00fcr\u00fclebilir \u00e7\u00f6z\u00fcmler. Ana \u00dcr\u00fcnler Erateks, spor giyim alan\u0131ndaki derin k\u00f6kl\u00fc uzmanl\u0131\u011f\u0131yla; malzeme bilgisi, \u00fcr\u00fcn tasar\u0131m\u0131 &amp; \u00fcr\u00fcn geli\u015ftirme ve \u00fcretim g\u00fcc\u00fcn\u00fc bir araya getirerek, markalara y\u00fcksek performansl\u0131 ve marka odakl\u0131 \u00fcr\u00fcn \u00e7\u00f6z\u00fcmleri sunar. Erateks olarak tak\u0131m sporlar\u0131, motor sporlar\u0131, aktif sporlar ve sportstyle kategorilerinde global markalar i\u00e7in \u00fcr\u00fcn geli\u015ftirme ve [&hellip;]<\/p>\n","protected":false},"author":1,"featured_media":0,"parent":0,"menu_order":0,"comment_status":"closed","ping_status":"closed","template":"","meta":{"footnotes":""},"class_list":["post-2919","page","type-page","status-publish","hentry"],"yoast_head":"<!-- This site is optimized with the Yoast SEO Premium plugin v27.6 (Yoast SEO v27.6) - https:\/\/yoast.com\/product\/yoast-seo-premium-wordpress\/ -->\n<title>\u00dcr\u00fcnler - Erateks Tekstil<\/title>\n<meta name=\"robots\" content=\"index, follow, max-snippet:-1, max-image-preview:large, max-video-preview:-1\" \/>\n<link rel=\"canonical\" href=\"https:\/\/www.erateks.com\/tr\/urunler\/\" \/>\n<meta property=\"og:locale\" content=\"tr_TR\" \/>\n<meta property=\"og:type\" content=\"article\" \/>\n<meta property=\"og:title\" content=\"\u00dcr\u00fcnler\" \/>\n<meta property=\"og:description\" content=\"Farkl\u0131 \u00fcr\u00fcn kategorilerinde yenilik\u00e7i ve s\u00fcrd\u00fcr\u00fclebilir \u00e7\u00f6z\u00fcmler. Ana \u00dcr\u00fcnler Erateks, spor giyim alan\u0131ndaki derin k\u00f6kl\u00fc uzmanl\u0131\u011f\u0131yla; malzeme bilgisi, \u00fcr\u00fcn tasar\u0131m\u0131 &amp; \u00fcr\u00fcn geli\u015ftirme ve \u00fcretim g\u00fcc\u00fcn\u00fc bir araya getirerek, markalara y\u00fcksek performansl\u0131 ve marka odakl\u0131 \u00fcr\u00fcn \u00e7\u00f6z\u00fcmleri sunar. Erateks olarak tak\u0131m sporlar\u0131, motor sporlar\u0131, aktif sporlar ve sportstyle kategorilerinde global markalar i\u00e7in \u00fcr\u00fcn geli\u015ftirme ve [&hellip;]\" \/>\n<meta property=\"og:url\" content=\"https:\/\/www.erateks.com\/tr\/urunler\/\" \/>\n<meta property=\"og:site_name\" content=\"Erateks Tekstil\" \/>\n<meta property=\"article:modified_time\" content=\"2026-05-14T10:48:07+00:00\" \/>\n<meta property=\"og:image\" content=\"https:\/\/www.erateks.com\/wp-content\/uploads\/1.-Logo-Erateks-Main.png\" \/>\n\t<meta property=\"og:image:width\" content=\"1510\" \/>\n\t<meta property=\"og:image:height\" content=\"526\" \/>\n\t<meta property=\"og:image:type\" content=\"image\/png\" \/>\n<meta name=\"twitter:card\" content=\"summary_large_image\" \/>\n<meta name=\"twitter:label1\" content=\"Tahmini okuma s\u00fcresi\" \/>\n\t<meta name=\"twitter:data1\" content=\"1 dakika\" \/>\n<script type=\"application\/ld+json\" class=\"yoast-schema-graph\">{\"@context\":\"https:\\\/\\\/schema.org\",\"@graph\":[{\"@type\":\"WebPage\",\"@id\":\"https:\\\/\\\/www.erateks.com\\\/tr\\\/urunler\\\/\",\"url\":\"https:\\\/\\\/www.erateks.com\\\/tr\\\/urunler\\\/\",\"name\":\"\u00dcr\u00fcnler - Erateks Tekstil\",\"isPartOf\":{\"@id\":\"https:\\\/\\\/www.erateks.com\\\/tr\\\/#website\"},\"datePublished\":\"2026-05-06T13:10:19+00:00\",\"dateModified\":\"2026-05-14T10:48:07+00:00\",\"breadcrumb\":{\"@id\":\"https:\\\/\\\/www.erateks.com\\\/tr\\\/urunler\\\/#breadcrumb\"},\"inLanguage\":\"tr\",\"potentialAction\":[{\"@type\":\"ReadAction\",\"target\":[\"https:\\\/\\\/www.erateks.com\\\/tr\\\/urunler\\\/\"]}]},{\"@type\":\"BreadcrumbList\",\"@id\":\"https:\\\/\\\/www.erateks.com\\\/tr\\\/urunler\\\/#breadcrumb\",\"itemListElement\":[{\"@type\":\"ListItem\",\"position\":1,\"name\":\"Home\",\"item\":\"https:\\\/\\\/www.erateks.com\\\/tr\\\/\"},{\"@type\":\"ListItem\",\"position\":2,\"name\":\"\u00dcr\u00fcnler\"}]},{\"@type\":\"WebSite\",\"@id\":\"https:\\\/\\\/www.erateks.com\\\/tr\\\/#website\",\"url\":\"https:\\\/\\\/www.erateks.com\\\/tr\\\/\",\"name\":\"Erateks Tekstil\",\"description\":\"\",\"publisher\":{\"@id\":\"https:\\\/\\\/www.erateks.com\\\/tr\\\/#organization\"},\"alternateName\":\"Erateks Textile\",\"potentialAction\":[{\"@type\":\"SearchAction\",\"target\":{\"@type\":\"EntryPoint\",\"urlTemplate\":\"https:\\\/\\\/www.erateks.com\\\/tr\\\/?s={search_term_string}\"},\"query-input\":{\"@type\":\"PropertyValueSpecification\",\"valueRequired\":true,\"valueName\":\"search_term_string\"}}],\"inLanguage\":\"tr\"},{\"@type\":\"Organization\",\"@id\":\"https:\\\/\\\/www.erateks.com\\\/tr\\\/#organization\",\"name\":\"Erateks Tekstil\",\"alternateName\":\"Erateks Textile\",\"url\":\"https:\\\/\\\/www.erateks.com\\\/tr\\\/\",\"logo\":{\"@type\":\"ImageObject\",\"inLanguage\":\"tr\",\"@id\":\"https:\\\/\\\/www.erateks.com\\\/tr\\\/#\\\/schema\\\/logo\\\/image\\\/\",\"url\":\"https:\\\/\\\/www.erateks.com\\\/wp-content\\\/uploads\\\/1.-Logo-Erateks-Main.png\",\"contentUrl\":\"https:\\\/\\\/www.erateks.com\\\/wp-content\\\/uploads\\\/1.-Logo-Erateks-Main.png\",\"width\":1510,\"height\":526,\"caption\":\"Erateks Tekstil\"},\"image\":{\"@id\":\"https:\\\/\\\/www.erateks.com\\\/tr\\\/#\\\/schema\\\/logo\\\/image\\\/\"},\"sameAs\":[\"https:\\\/\\\/www.linkedin.com\\\/company\\\/erateks-tekstil\\\/\",\"https:\\\/\\\/www.instagram.com\\\/eratekstekstil\"],\"description\":\"Innovative in Product. Sustainable in Practice. Active in Performance. Erateks is a leading manufacturer of high-performance, responsibly made sportswear for global brands. We combine innovative materials, technical expertise, and sustainable practices to deliver apparel that meets the demands of today\u2019s athletes and active lifestyles.\",\"legalName\":\"Erateks Tekstil San. ve Tic. A.\u015e.\",\"foundingDate\":\"1992-01-01\",\"numberOfEmployees\":{\"@type\":\"QuantitativeValue\",\"minValue\":\"1001\",\"maxValue\":\"5000\"},\"publishingPrinciples\":\"https:\\\/\\\/www.erateks.com\\\/personal-data-protection\\\/\",\"ownershipFundingInfo\":\"https:\\\/\\\/www.erateks.com\\\/personal-data-protection\\\/\",\"actionableFeedbackPolicy\":\"https:\\\/\\\/www.erateks.com\\\/personal-data-protection\\\/\",\"correctionsPolicy\":\"https:\\\/\\\/www.erateks.com\\\/personal-data-protection\\\/\",\"ethicsPolicy\":\"https:\\\/\\\/www.erateks.com\\\/personal-data-protection\\\/\",\"diversityPolicy\":\"https:\\\/\\\/www.erateks.com\\\/personal-data-protection\\\/\",\"diversityStaffingReport\":\"https:\\\/\\\/www.erateks.com\\\/personal-data-protection\\\/\"}]}<\/script>\n<!-- \/ Yoast SEO Premium plugin. -->","yoast_head_json":{"title":"\u00dcr\u00fcnler - Erateks Tekstil","robots":{"index":"index","follow":"follow","max-snippet":"max-snippet:-1","max-image-preview":"max-image-preview:large","max-video-preview":"max-video-preview:-1"},"canonical":"https:\/\/www.erateks.com\/tr\/urunler\/","og_locale":"tr_TR","og_type":"article","og_title":"\u00dcr\u00fcnler","og_description":"Farkl\u0131 \u00fcr\u00fcn kategorilerinde yenilik\u00e7i ve s\u00fcrd\u00fcr\u00fclebilir \u00e7\u00f6z\u00fcmler. Ana \u00dcr\u00fcnler Erateks, spor giyim alan\u0131ndaki derin k\u00f6kl\u00fc uzmanl\u0131\u011f\u0131yla; malzeme bilgisi, \u00fcr\u00fcn tasar\u0131m\u0131 &amp; \u00fcr\u00fcn geli\u015ftirme ve \u00fcretim g\u00fcc\u00fcn\u00fc bir araya getirerek, markalara y\u00fcksek performansl\u0131 ve marka odakl\u0131 \u00fcr\u00fcn \u00e7\u00f6z\u00fcmleri sunar. Erateks olarak tak\u0131m sporlar\u0131, motor sporlar\u0131, aktif sporlar ve sportstyle kategorilerinde global markalar i\u00e7in \u00fcr\u00fcn geli\u015ftirme ve [&hellip;]","og_url":"https:\/\/www.erateks.com\/tr\/urunler\/","og_site_name":"Erateks Tekstil","article_modified_time":"2026-05-14T10:48:07+00:00","og_image":[{"width":1510,"height":526,"url":"https:\/\/www.erateks.com\/wp-content\/uploads\/1.-Logo-Erateks-Main.png","type":"image\/png"}],"twitter_card":"summary_large_image","twitter_misc":{"Tahmini okuma s\u00fcresi":"1 dakika"},"schema":{"@context":"https:\/\/schema.org","@graph":[{"@type":"WebPage","@id":"https:\/\/www.erateks.com\/tr\/urunler\/","url":"https:\/\/www.erateks.com\/tr\/urunler\/","name":"\u00dcr\u00fcnler - Erateks Tekstil","isPartOf":{"@id":"https:\/\/www.erateks.com\/tr\/#website"},"datePublished":"2026-05-06T13:10:19+00:00","dateModified":"2026-05-14T10:48:07+00:00","breadcrumb":{"@id":"https:\/\/www.erateks.com\/tr\/urunler\/#breadcrumb"},"inLanguage":"tr","potentialAction":[{"@type":"ReadAction","target":["https:\/\/www.erateks.com\/tr\/urunler\/"]}]},{"@type":"BreadcrumbList","@id":"https:\/\/www.erateks.com\/tr\/urunler\/#breadcrumb","itemListElement":[{"@type":"ListItem","position":1,"name":"Home","item":"https:\/\/www.erateks.com\/tr\/"},{"@type":"ListItem","position":2,"name":"\u00dcr\u00fcnler"}]},{"@type":"WebSite","@id":"https:\/\/www.erateks.com\/tr\/#website","url":"https:\/\/www.erateks.com\/tr\/","name":"Erateks Tekstil","description":"","publisher":{"@id":"https:\/\/www.erateks.com\/tr\/#organization"},"alternateName":"Erateks Textile","potentialAction":[{"@type":"SearchAction","target":{"@type":"EntryPoint","urlTemplate":"https:\/\/www.erateks.com\/tr\/?s={search_term_string}"},"query-input":{"@type":"PropertyValueSpecification","valueRequired":true,"valueName":"search_term_string"}}],"inLanguage":"tr"},{"@type":"Organization","@id":"https:\/\/www.erateks.com\/tr\/#organization","name":"Erateks Tekstil","alternateName":"Erateks Textile","url":"https:\/\/www.erateks.com\/tr\/","logo":{"@type":"ImageObject","inLanguage":"tr","@id":"https:\/\/www.erateks.com\/tr\/#\/schema\/logo\/image\/","url":"https:\/\/www.erateks.com\/wp-content\/uploads\/1.-Logo-Erateks-Main.png","contentUrl":"https:\/\/www.erateks.com\/wp-content\/uploads\/1.-Logo-Erateks-Main.png","width":1510,"height":526,"caption":"Erateks Tekstil"},"image":{"@id":"https:\/\/www.erateks.com\/tr\/#\/schema\/logo\/image\/"},"sameAs":["https:\/\/www.linkedin.com\/company\/erateks-tekstil\/","https:\/\/www.instagram.com\/eratekstekstil"],"description":"Innovative in Product. Sustainable in Practice. Active in Performance. Erateks is a leading manufacturer of high-performance, responsibly made sportswear for global brands. We combine innovative materials, technical expertise, and sustainable practices to deliver apparel that meets the demands of today\u2019s athletes and active lifestyles.","legalName":"Erateks Tekstil San. ve Tic. A.\u015e.","foundingDate":"1992-01-01","numberOfEmployees":{"@type":"QuantitativeValue","minValue":"1001","maxValue":"5000"},"publishingPrinciples":"https:\/\/www.erateks.com\/personal-data-protection\/","ownershipFundingInfo":"https:\/\/www.erateks.com\/personal-data-protection\/","actionableFeedbackPolicy":"https:\/\/www.erateks.com\/personal-data-protection\/","correctionsPolicy":"https:\/\/www.erateks.com\/personal-data-protection\/","ethicsPolicy":"https:\/\/www.erateks.com\/personal-data-protection\/","diversityPolicy":"https:\/\/www.erateks.com\/personal-data-protection\/","diversityStaffingReport":"https:\/\/www.erateks.com\/personal-data-protection\/"}]}},"_links":{"self":[{"href":"https:\/\/www.erateks.com\/tr\/wp-json\/wp\/v2\/pages\/2919","targetHints":{"allow":["GET"]}}],"collection":[{"href":"https:\/\/www.erateks.com\/tr\/wp-json\/wp\/v2\/pages"}],"about":[{"href":"https:\/\/www.erateks.com\/tr\/wp-json\/wp\/v2\/types\/page"}],"author":[{"embeddable":true,"href":"https:\/\/www.erateks.com\/tr\/wp-json\/wp\/v2\/users\/1"}],"replies":[{"embeddable":true,"href":"https:\/\/www.erateks.com\/tr\/wp-json\/wp\/v2\/comments?post=2919"}],"version-history":[{"count":1,"href":"https:\/\/www.erateks.com\/tr\/wp-json\/wp\/v2\/pages\/2919\/revisions"}],"predecessor-version":[{"id":2920,"href":"https:\/\/www.erateks.com\/tr\/wp-json\/wp\/v2\/pages\/2919\/revisions\/2920"}],"wp:attachment":[{"href":"https:\/\/www.erateks.com\/tr\/wp-json\/wp\/v2\/media?parent=2919"}],"curies":[{"name":"wp","href":"https:\/\/api.w.org\/{rel}","templated":true}]}}