{"id":1843,"date":"2025-06-16T09:03:39","date_gmt":"2025-06-16T09:03:39","guid":{"rendered":"https:\/\/erateks.com\/bilgi-toplumu-hizmetleri\/"},"modified":"2026-03-03T21:12:05","modified_gmt":"2026-03-03T21:12:05","slug":"bilgi-toplumu-hizmetleri","status":"publish","type":"page","link":"https:\/\/www.erateks.com\/tr\/bilgi-toplumu-hizmetleri\/","title":{"rendered":"Bilgi Toplumu Hizmetleri"},"content":{"rendered":"\t\t<div data-elementor-type=\"wp-page\" data-elementor-id=\"1843\" class=\"elementor elementor-1843 elementor-1832\" data-elementor-post-type=\"page\">\n\t\t\t\t<div class=\"elementor-element elementor-element-33e2a962 e-flex e-con-boxed e-con e-parent\" data-id=\"33e2a962\" data-element_type=\"container\" data-e-type=\"container\" data-settings=\"{&quot;background_background&quot;:&quot;classic&quot;}\">\n\t\t\t\t\t<div class=\"e-con-inner\">\n\t\t<div class=\"elementor-element elementor-element-3889d480 e-con-full e-flex e-con e-child\" data-id=\"3889d480\" data-element_type=\"container\" data-e-type=\"container\">\n\t\t\t\t<div class=\"elementor-element elementor-element-6f18938a elementor-invisible elementor-widget elementor-widget-heading\" data-id=\"6f18938a\" data-element_type=\"widget\" data-e-type=\"widget\" data-settings=\"{&quot;_animation&quot;:&quot;fadeInUp&quot;,&quot;_animation_delay&quot;:200}\" data-widget_type=\"heading.default\">\n\t\t\t\t<div class=\"elementor-widget-container\">\n\t\t\t\t\t<h1 class=\"elementor-heading-title elementor-size-default\">Bilgi Toplumu Hizmetleri<\/h1>\t\t\t\t<\/div>\n\t\t\t\t<\/div>\n\t\t\t\t<\/div>\n\t\t\t\t\t<\/div>\n\t\t\t\t<\/div>\n\t\t<div class=\"elementor-element elementor-element-2975fe28 e-flex e-con-boxed e-con e-parent\" data-id=\"2975fe28\" data-element_type=\"container\" data-e-type=\"container\">\n\t\t\t\t\t<div class=\"e-con-inner\">\n\t\t<div class=\"elementor-element elementor-element-755cc712 e-con-full e-flex elementor-invisible e-con e-child\" data-id=\"755cc712\" data-element_type=\"container\" data-e-type=\"container\" data-settings=\"{&quot;animation&quot;:&quot;fadeInLeft&quot;}\">\n\t\t\t\t<div class=\"elementor-element elementor-element-5e5510f9 elementor-widget elementor-widget-heading\" data-id=\"5e5510f9\" data-element_type=\"widget\" data-e-type=\"widget\" data-widget_type=\"heading.default\">\n\t\t\t\t<div class=\"elementor-widget-container\">\n\t\t\t\t\t<h2 class=\"elementor-heading-title elementor-size-default\">Bilgi Toplumu Hizmetleri<\/h2>\t\t\t\t<\/div>\n\t\t\t\t<\/div>\n\t\t\t\t<div class=\"elementor-element elementor-element-fe60bba elementor-widget elementor-widget-text-editor\" data-id=\"fe60bba\" data-element_type=\"widget\" data-e-type=\"widget\" data-widget_type=\"text-editor.default\">\n\t\t\t\t<div class=\"elementor-widget-container\">\n\t\t\t\t\t\t\t\t\t<p> <\/p><table><tbody><tr><td><p>\u015eirket T\u00fcr\u00fc:<\/p><\/td><td><p>: A.\u015e.<\/p><\/td><\/tr><tr><td><p>MERSIS<\/p><\/td><td><p>: 0337038715000030<\/p><\/td><\/tr><tr><td><p>Ticaret Sicil Numaras\u0131:<\/p><\/td><td><p>: 283246<\/p><\/td><\/tr><tr><td><p>Ticaret Sicil Memurlu\u011fu:<\/p><\/td><td><p>: \u0130STANBUL<\/p><\/td><\/tr><tr><td><p>Ticaret \u00dcnvan\u0131:<\/p><\/td><td><p>: ERATEKS TEKST\u0130L SANAY\u0130 VE T\u0130CARET A.\u015e.<\/p><\/td><\/tr><tr><td><p>Adres:<\/p><\/td><td><p>: MAHMUTBEY MAH. K\u00dc\u00c7\u00dcKHALKALI CAD. NO:19A BA\u011eCILAR, 34218 \u0130STANBUL  <\/p><\/td><\/tr><tr><td><p>Telefon:<\/p><\/td><td><p>: +90 212 294 61 41<\/p><\/td><\/tr><tr><td><p>Faks:<\/p><\/td><td><p>: +90 212 912 17 76<\/p><\/td><\/tr><tr><td> <\/td><td> <\/td><\/tr><tr><td><p>Web Sitesi:<\/p><\/td><td><p>: <a id=\"menurbf\" class=\"fui-Link ___1q1shib f2hkw1w f3rmtva f1ewtqcl fyind8e f1k6fduh f1w7gpdv fk6fouc fjoy568 figsok6 f1s184ao f1mk8lai fnbmjn9 f1o700av f13mvf36 f1cmlufx f9n3di6 f1ids18y f1tx3yz7 f1deo86v f1eh06m1 f1iescvh fhgqx19 f1olyrje f1p93eir f1nev41a f1h8hb77 f1lqvz6u f10aw75t fsle3fq f17ae5zn\" title=\"http:\/\/www.erateks.com\/\" href=\"http:\/\/www.erateks.com\" target=\"_blank\" rel=\"noreferrer noopener\" aria-label=\"www.erateks.com Ba\u011flant\u0131s\u0131\">www.erateks.com<\/a><\/p><\/td><\/tr><tr><td><p>Taahh\u00fct Edilen Sermaye Miktar\u0131:<\/p><\/td><td><p>: 25.000.000,00<\/p><\/td><\/tr><tr><td><p>\u00d6denen Sermaye Miktar\u0131:<\/p><\/td><td><p>: 25.000.000,00<\/p><\/td><\/tr><tr><td><p>Tescil Tarihi:<\/p><\/td><td><p>: 24.01.1992<\/p><\/td><\/tr><tr><td><p>Vergi Dairesi:<\/p><\/td><td><p>: G\u00dcNE\u015eL\u0130<\/p><\/td><\/tr><tr><td><p>Vergi Numaras\u0131:<\/p><\/td><td><p>: 3370387150<\/p><\/td><\/tr><tr><td><p>NACE Kodu:<\/p><\/td><td><p>: 142902<\/p><\/td><\/tr><tr><td><p>Y\u00f6netim Kurulu:<\/p><\/td><td><p>Y\u00f6netim Kurulu Ba\u015fkan\u0131 : Erhan VATAN<\/p><p>Y\u00f6netim Kurulu \u00dcyesi : \u00d6zg\u00fcr Karadeniz VATAN<\/p><p>Y\u00f6netim Kurulu \u00dcyesi : Ahmet Fatih TAMAY<\/p><\/td><\/tr><tr><td><p>Denet\u00e7i:<\/p><\/td><td><p>D\u00f6nem: 01.01.2024 \u2013 31.12.2024<\/p><p>\u0130sim Soyisim\/Ticaret Unvan\u0131: HLB Sayg\u0131n Ba\u011f\u0131ms\u0131z Denetim A.\u015e.<\/p><p>Vergi Dairesi: BE\u015e\u0130KTA\u015e<\/p><p>Vergi No: 7550015338<\/p><p>Adres: Cihann\u00fcma, Barbaros Boulevard No: 81\/1, 34022 Be\u015fikta\u015f \/ Istanbul<\/p><\/td><\/tr><tr><td><p>Tescil \u015eube:<\/p><\/td><td><p>\u0130sim Soyisim\/Ticaret Unvan\u0131: Erateks Tekstil San.ve Tic.A.\u015e. Fatsa Fabrika \u015eubesi<\/p><p>Ticaret Sicil Numaras\u0131: 3719<\/p><p>NACE Kodu: 142902 -Spor ve antreman giysileri, kayak k\u0131yafetleri, y\u00fczme k\u0131yafetleri vb. imalat\u0131 (mayo, bikini dahil) (dokuma, \u00f6rg\u00fc veya t\u0131\u011f i\u015fi kuma\u015ftan)<\/p><p>Adres: Fatsa OSB Mah. Mehmet Akif Be\u015fik Sok. No:8\/1\/2 Fatsa-ORDU  <\/p><p> <\/p><p>\u0130sim Soyisim\/Ticaret Unvan\u0131: Erateks Tekstil San.ve Tic.A.\u015e. Fatsa Fabrika 2 \u015eubesi<\/p><p>Ticaret Sicil Numaras\u0131: 4663<\/p><p>NACE Kodu: 142902 -Spor ve antreman giysileri, kayak k\u0131yafetleri, y\u00fczme k\u0131yafetleri vb. imalat\u0131 (mayo, bikini dahil) (dokuma, \u00f6rg\u00fc veya t\u0131\u011f i\u015fi kuma\u015ftan)<\/p><p>Adres: Fatsa OSB Mah. Mehmet Akif Be\u015fik Sok. No:8\/2\/1 Fatsa-ORDU  <\/p><\/td><\/tr><\/tbody><\/table>\t\t\t\t\t\t\t\t<\/div>\n\t\t\t\t<\/div>\n\t\t\t\t<\/div>\n\t\t\t\t\t<\/div>\n\t\t\t\t<\/div>\n\t\t\t\t<\/div>\n\t\t","protected":false},"excerpt":{"rendered":"<p>\u015eirket T\u00fcr\u00fc: : A.\u015e. MERSIS : 0337038715000030 Ticaret Sicil Numaras\u0131: : 283246 Ticaret Sicil Memurlu\u011fu: : \u0130STANBUL Ticaret \u00dcnvan\u0131: : ERATEKS TEKST\u0130L SANAY\u0130 VE T\u0130CARET A.\u015e. Adres: : MAHMUTBEY MAH. K\u00dc\u00c7\u00dcKHALKALI CAD. NO:19A BA\u011eCILAR, 34218 \u0130STANBUL Telefon: : +90 212 294 61 41 Faks: : +90 212 912 17 76 Web Sitesi: : www.erateks.com Taahh\u00fct [&hellip;]<\/p>\n","protected":false},"author":1,"featured_media":0,"parent":0,"menu_order":0,"comment_status":"closed","ping_status":"closed","template":"","meta":{"footnotes":""},"class_list":["post-1843","page","type-page","status-publish","hentry"],"yoast_head":"<!-- This site is optimized with the Yoast SEO Premium plugin v27.3 (Yoast SEO v27.3) - https:\/\/yoast.com\/product\/yoast-seo-premium-wordpress\/ -->\n<title>Kurumsal Bilgi Toplumu Hizmetleri | Erateks<\/title>\n<meta name=\"description\" content=\"Erateks Tekstil Sanayi ve Ticaret A.\u015e.\u2019nin kay\u0131tl\u0131 \u015firket bilgileri, y\u00f6netim yap\u0131s\u0131, \u015fube bilgileri ve yasal kurumsal verileri i\u00e7in t\u0131klay\u0131n\u0131z.\" \/>\n<meta name=\"robots\" content=\"index, follow, max-snippet:-1, max-image-preview:large, max-video-preview:-1\" \/>\n<link rel=\"canonical\" href=\"https:\/\/www.erateks.com\/tr\/bilgi-toplumu-hizmetleri\/\" \/>\n<meta property=\"og:locale\" content=\"tr_TR\" \/>\n<meta property=\"og:type\" content=\"article\" \/>\n<meta property=\"og:title\" content=\"Bilgi Toplumu Hizmetleri\" \/>\n<meta property=\"og:description\" content=\"Erateks Tekstil Sanayi ve Ticaret A.\u015e.\u2019nin kay\u0131tl\u0131 \u015firket bilgileri, y\u00f6netim yap\u0131s\u0131, \u015fube bilgileri ve yasal kurumsal verileri i\u00e7in t\u0131klay\u0131n\u0131z.\" \/>\n<meta property=\"og:url\" content=\"https:\/\/www.erateks.com\/tr\/bilgi-toplumu-hizmetleri\/\" \/>\n<meta property=\"og:site_name\" content=\"Erateks Tekstil\" \/>\n<meta property=\"article:modified_time\" content=\"2026-03-03T21:12:05+00:00\" \/>\n<meta property=\"og:image\" content=\"https:\/\/www.erateks.com\/wp-content\/uploads\/1.-Logo-Erateks-Main.png\" \/>\n\t<meta property=\"og:image:width\" content=\"1510\" \/>\n\t<meta property=\"og:image:height\" content=\"526\" \/>\n\t<meta property=\"og:image:type\" content=\"image\/png\" \/>\n<meta name=\"twitter:card\" content=\"summary_large_image\" \/>\n<meta name=\"twitter:label1\" content=\"Tahmini okuma s\u00fcresi\" \/>\n\t<meta name=\"twitter:data1\" content=\"1 dakika\" \/>\n<script type=\"application\/ld+json\" class=\"yoast-schema-graph\">{\"@context\":\"https:\\\/\\\/schema.org\",\"@graph\":[{\"@type\":\"WebPage\",\"@id\":\"https:\\\/\\\/www.erateks.com\\\/tr\\\/bilgi-toplumu-hizmetleri\\\/\",\"url\":\"https:\\\/\\\/www.erateks.com\\\/tr\\\/bilgi-toplumu-hizmetleri\\\/\",\"name\":\"Kurumsal Bilgi Toplumu Hizmetleri | Erateks\",\"isPartOf\":{\"@id\":\"https:\\\/\\\/www.erateks.com\\\/tr\\\/#website\"},\"datePublished\":\"2025-06-16T09:03:39+00:00\",\"dateModified\":\"2026-03-03T21:12:05+00:00\",\"description\":\"Erateks Tekstil Sanayi ve Ticaret A.\u015e.\u2019nin kay\u0131tl\u0131 \u015firket bilgileri, y\u00f6netim yap\u0131s\u0131, \u015fube bilgileri ve yasal kurumsal verileri i\u00e7in t\u0131klay\u0131n\u0131z.\",\"breadcrumb\":{\"@id\":\"https:\\\/\\\/www.erateks.com\\\/tr\\\/bilgi-toplumu-hizmetleri\\\/#breadcrumb\"},\"inLanguage\":\"tr\",\"potentialAction\":[{\"@type\":\"ReadAction\",\"target\":[\"https:\\\/\\\/www.erateks.com\\\/tr\\\/bilgi-toplumu-hizmetleri\\\/\"]}]},{\"@type\":\"BreadcrumbList\",\"@id\":\"https:\\\/\\\/www.erateks.com\\\/tr\\\/bilgi-toplumu-hizmetleri\\\/#breadcrumb\",\"itemListElement\":[{\"@type\":\"ListItem\",\"position\":1,\"name\":\"Home\",\"item\":\"https:\\\/\\\/www.erateks.com\\\/tr\\\/\"},{\"@type\":\"ListItem\",\"position\":2,\"name\":\"Bilgi Toplumu Hizmetleri\"}]},{\"@type\":\"WebSite\",\"@id\":\"https:\\\/\\\/www.erateks.com\\\/tr\\\/#website\",\"url\":\"https:\\\/\\\/www.erateks.com\\\/tr\\\/\",\"name\":\"Erateks Tekstil\",\"description\":\"\",\"publisher\":{\"@id\":\"https:\\\/\\\/www.erateks.com\\\/tr\\\/#organization\"},\"alternateName\":\"Erateks Textile\",\"potentialAction\":[{\"@type\":\"SearchAction\",\"target\":{\"@type\":\"EntryPoint\",\"urlTemplate\":\"https:\\\/\\\/www.erateks.com\\\/tr\\\/?s={search_term_string}\"},\"query-input\":{\"@type\":\"PropertyValueSpecification\",\"valueRequired\":true,\"valueName\":\"search_term_string\"}}],\"inLanguage\":\"tr\"},{\"@type\":\"Organization\",\"@id\":\"https:\\\/\\\/www.erateks.com\\\/tr\\\/#organization\",\"name\":\"Erateks Tekstil\",\"alternateName\":\"Erateks Textile\",\"url\":\"https:\\\/\\\/www.erateks.com\\\/tr\\\/\",\"logo\":{\"@type\":\"ImageObject\",\"inLanguage\":\"tr\",\"@id\":\"https:\\\/\\\/www.erateks.com\\\/tr\\\/#\\\/schema\\\/logo\\\/image\\\/\",\"url\":\"https:\\\/\\\/www.erateks.com\\\/wp-content\\\/uploads\\\/1.-Logo-Erateks-Main.png\",\"contentUrl\":\"https:\\\/\\\/www.erateks.com\\\/wp-content\\\/uploads\\\/1.-Logo-Erateks-Main.png\",\"width\":1510,\"height\":526,\"caption\":\"Erateks Tekstil\"},\"image\":{\"@id\":\"https:\\\/\\\/www.erateks.com\\\/tr\\\/#\\\/schema\\\/logo\\\/image\\\/\"},\"sameAs\":[\"https:\\\/\\\/www.linkedin.com\\\/company\\\/erateks-tekstil\\\/\",\"https:\\\/\\\/www.instagram.com\\\/eratekstekstil\"],\"description\":\"Innovative in Product. Sustainable in Practice. Active in Performance. Erateks is a leading manufacturer of high-performance, responsibly made sportswear for global brands. We combine innovative materials, technical expertise, and sustainable practices to deliver apparel that meets the demands of today\u2019s athletes and active lifestyles.\",\"legalName\":\"Erateks Tekstil San. ve Tic. A.\u015e.\",\"foundingDate\":\"1992-01-01\",\"numberOfEmployees\":{\"@type\":\"QuantitativeValue\",\"minValue\":\"1001\",\"maxValue\":\"5000\"},\"publishingPrinciples\":\"https:\\\/\\\/www.erateks.com\\\/personal-data-protection\\\/\",\"ownershipFundingInfo\":\"https:\\\/\\\/www.erateks.com\\\/personal-data-protection\\\/\",\"actionableFeedbackPolicy\":\"https:\\\/\\\/www.erateks.com\\\/personal-data-protection\\\/\",\"correctionsPolicy\":\"https:\\\/\\\/www.erateks.com\\\/personal-data-protection\\\/\",\"ethicsPolicy\":\"https:\\\/\\\/www.erateks.com\\\/personal-data-protection\\\/\",\"diversityPolicy\":\"https:\\\/\\\/www.erateks.com\\\/personal-data-protection\\\/\",\"diversityStaffingReport\":\"https:\\\/\\\/www.erateks.com\\\/personal-data-protection\\\/\"}]}<\/script>\n<!-- \/ Yoast SEO Premium plugin. -->","yoast_head_json":{"title":"Kurumsal Bilgi Toplumu Hizmetleri | Erateks","description":"Erateks Tekstil Sanayi ve Ticaret A.\u015e.\u2019nin kay\u0131tl\u0131 \u015firket bilgileri, y\u00f6netim yap\u0131s\u0131, \u015fube bilgileri ve yasal kurumsal verileri i\u00e7in t\u0131klay\u0131n\u0131z.","robots":{"index":"index","follow":"follow","max-snippet":"max-snippet:-1","max-image-preview":"max-image-preview:large","max-video-preview":"max-video-preview:-1"},"canonical":"https:\/\/www.erateks.com\/tr\/bilgi-toplumu-hizmetleri\/","og_locale":"tr_TR","og_type":"article","og_title":"Bilgi Toplumu Hizmetleri","og_description":"Erateks Tekstil Sanayi ve Ticaret A.\u015e.\u2019nin kay\u0131tl\u0131 \u015firket bilgileri, y\u00f6netim yap\u0131s\u0131, \u015fube bilgileri ve yasal kurumsal verileri i\u00e7in t\u0131klay\u0131n\u0131z.","og_url":"https:\/\/www.erateks.com\/tr\/bilgi-toplumu-hizmetleri\/","og_site_name":"Erateks Tekstil","article_modified_time":"2026-03-03T21:12:05+00:00","og_image":[{"width":1510,"height":526,"url":"https:\/\/www.erateks.com\/wp-content\/uploads\/1.-Logo-Erateks-Main.png","type":"image\/png"}],"twitter_card":"summary_large_image","twitter_misc":{"Tahmini okuma s\u00fcresi":"1 dakika"},"schema":{"@context":"https:\/\/schema.org","@graph":[{"@type":"WebPage","@id":"https:\/\/www.erateks.com\/tr\/bilgi-toplumu-hizmetleri\/","url":"https:\/\/www.erateks.com\/tr\/bilgi-toplumu-hizmetleri\/","name":"Kurumsal Bilgi Toplumu Hizmetleri | Erateks","isPartOf":{"@id":"https:\/\/www.erateks.com\/tr\/#website"},"datePublished":"2025-06-16T09:03:39+00:00","dateModified":"2026-03-03T21:12:05+00:00","description":"Erateks Tekstil Sanayi ve Ticaret A.\u015e.\u2019nin kay\u0131tl\u0131 \u015firket bilgileri, y\u00f6netim yap\u0131s\u0131, \u015fube bilgileri ve yasal kurumsal verileri i\u00e7in t\u0131klay\u0131n\u0131z.","breadcrumb":{"@id":"https:\/\/www.erateks.com\/tr\/bilgi-toplumu-hizmetleri\/#breadcrumb"},"inLanguage":"tr","potentialAction":[{"@type":"ReadAction","target":["https:\/\/www.erateks.com\/tr\/bilgi-toplumu-hizmetleri\/"]}]},{"@type":"BreadcrumbList","@id":"https:\/\/www.erateks.com\/tr\/bilgi-toplumu-hizmetleri\/#breadcrumb","itemListElement":[{"@type":"ListItem","position":1,"name":"Home","item":"https:\/\/www.erateks.com\/tr\/"},{"@type":"ListItem","position":2,"name":"Bilgi Toplumu Hizmetleri"}]},{"@type":"WebSite","@id":"https:\/\/www.erateks.com\/tr\/#website","url":"https:\/\/www.erateks.com\/tr\/","name":"Erateks Tekstil","description":"","publisher":{"@id":"https:\/\/www.erateks.com\/tr\/#organization"},"alternateName":"Erateks Textile","potentialAction":[{"@type":"SearchAction","target":{"@type":"EntryPoint","urlTemplate":"https:\/\/www.erateks.com\/tr\/?s={search_term_string}"},"query-input":{"@type":"PropertyValueSpecification","valueRequired":true,"valueName":"search_term_string"}}],"inLanguage":"tr"},{"@type":"Organization","@id":"https:\/\/www.erateks.com\/tr\/#organization","name":"Erateks Tekstil","alternateName":"Erateks Textile","url":"https:\/\/www.erateks.com\/tr\/","logo":{"@type":"ImageObject","inLanguage":"tr","@id":"https:\/\/www.erateks.com\/tr\/#\/schema\/logo\/image\/","url":"https:\/\/www.erateks.com\/wp-content\/uploads\/1.-Logo-Erateks-Main.png","contentUrl":"https:\/\/www.erateks.com\/wp-content\/uploads\/1.-Logo-Erateks-Main.png","width":1510,"height":526,"caption":"Erateks Tekstil"},"image":{"@id":"https:\/\/www.erateks.com\/tr\/#\/schema\/logo\/image\/"},"sameAs":["https:\/\/www.linkedin.com\/company\/erateks-tekstil\/","https:\/\/www.instagram.com\/eratekstekstil"],"description":"Innovative in Product. Sustainable in Practice. Active in Performance. Erateks is a leading manufacturer of high-performance, responsibly made sportswear for global brands. We combine innovative materials, technical expertise, and sustainable practices to deliver apparel that meets the demands of today\u2019s athletes and active lifestyles.","legalName":"Erateks Tekstil San. ve Tic. A.\u015e.","foundingDate":"1992-01-01","numberOfEmployees":{"@type":"QuantitativeValue","minValue":"1001","maxValue":"5000"},"publishingPrinciples":"https:\/\/www.erateks.com\/personal-data-protection\/","ownershipFundingInfo":"https:\/\/www.erateks.com\/personal-data-protection\/","actionableFeedbackPolicy":"https:\/\/www.erateks.com\/personal-data-protection\/","correctionsPolicy":"https:\/\/www.erateks.com\/personal-data-protection\/","ethicsPolicy":"https:\/\/www.erateks.com\/personal-data-protection\/","diversityPolicy":"https:\/\/www.erateks.com\/personal-data-protection\/","diversityStaffingReport":"https:\/\/www.erateks.com\/personal-data-protection\/"}]}},"_links":{"self":[{"href":"https:\/\/www.erateks.com\/tr\/wp-json\/wp\/v2\/pages\/1843","targetHints":{"allow":["GET"]}}],"collection":[{"href":"https:\/\/www.erateks.com\/tr\/wp-json\/wp\/v2\/pages"}],"about":[{"href":"https:\/\/www.erateks.com\/tr\/wp-json\/wp\/v2\/types\/page"}],"author":[{"embeddable":true,"href":"https:\/\/www.erateks.com\/tr\/wp-json\/wp\/v2\/users\/1"}],"replies":[{"embeddable":true,"href":"https:\/\/www.erateks.com\/tr\/wp-json\/wp\/v2\/comments?post=1843"}],"version-history":[{"count":1,"href":"https:\/\/www.erateks.com\/tr\/wp-json\/wp\/v2\/pages\/1843\/revisions"}],"predecessor-version":[{"id":1844,"href":"https:\/\/www.erateks.com\/tr\/wp-json\/wp\/v2\/pages\/1843\/revisions\/1844"}],"wp:attachment":[{"href":"https:\/\/www.erateks.com\/tr\/wp-json\/wp\/v2\/media?parent=1843"}],"curies":[{"name":"wp","href":"https:\/\/api.w.org\/{rel}","templated":true}]}}